{"id":867,"date":"2018-10-24T11:37:16","date_gmt":"2018-10-24T11:37:16","guid":{"rendered":"http:\/\/www.degestolentijd.nl\/?page_id=867"},"modified":"2024-07-11T18:53:36","modified_gmt":"2024-07-11T18:53:36","slug":"family-tree","status":"publish","type":"page","link":"https:\/\/letempsvole.fr\/?page_id=867","title":{"rendered":"Arbre G\u00e9n\u00e9alogique"},"content":{"rendered":"\n<style type=\"text\/css\" data-created_by=\"avia_inline_auto\" id=\"style-css-av-ltja7a8h-45c6822116c0cff4038f4fc9d74c5a17\">\n#top .hr.hr-invisible.av-ltja7a8h-45c6822116c0cff4038f4fc9d74c5a17{\nmargin-top:-50px;\nheight:1px;\n}\n<\/style>\n<div  class='hr av-ltja7a8h-45c6822116c0cff4038f4fc9d74c5a17 hr-invisible  avia-builder-el-0  el_before_av_codeblock  avia-builder-el-first  av-mini-hide'><span class='hr-inner '><span class=\"hr-inner-style\"><\/span><\/span><\/div>\n\n<div  class='flex_column av-s577f-b9c0612aaa76b8fbb2e6388b206cbbbb av_one_fourth  avia-builder-el-2  el_after_av_codeblock  el_before_av_one_half  first flex_column_div  '     ><style type=\"text\/css\" data-created_by=\"avia_inline_auto\" id=\"style-css-av-lyh7ql61-cf973616c6a635b366dcbe3ea3bc14de\">\n#top .hr.hr-invisible.av-lyh7ql61-cf973616c6a635b366dcbe3ea3bc14de{\nheight:10px;\n}\n<\/style>\n<div  class='hr av-lyh7ql61-cf973616c6a635b366dcbe3ea3bc14de hr-invisible  avia-builder-el-3  avia-builder-el-no-sibling '><span class='hr-inner '><span class=\"hr-inner-style\"><\/span><\/span><\/div><\/div>\n<div  class='flex_column av-nfsfv-9458cee004e7c64326afdcad41591959 av_one_half  avia-builder-el-4  el_after_av_one_fourth  el_before_av_one_fourth  flex_column_div  '     ><section  class='av_textblock_section av-lyh7pnxh-8df7aa3255bbb69b67aeb9a58e4f7e46 '   itemscope=\"itemscope\" itemtype=\"https:\/\/schema.org\/CreativeWork\" ><div class='av-small-hide av-mini-hide avia_textblock'  itemprop=\"text\" ><p style=\"text-align: center;\">Cet arbre g\u00e9n\u00e9alogique se fonde sur les travaux de Walter B. Miller et Jeffrey A. Marx, qui a poursuivi ses recherches gr\u00e2ce \u00e0 <a href=\"http:\/\/www.tribalpages.com\/\">www.tribalpages.com<\/a> et \u00e0 <a href=\"http:\/\/kehilalinks.jewishgen.org\/\">kehilalinks.jewishgen.org<\/a>. Seuls les noms en gras apparaissent dans le livre.<\/p>\n<\/div><\/section><\/div>\n<div  class='flex_column av-dedmz-b804850ecf5a93c126ead59c901c15c4 av_one_fourth  avia-builder-el-6  el_after_av_one_half  avia-builder-el-last  flex_column_div  '     ><style type=\"text\/css\" data-created_by=\"avia_inline_auto\" id=\"style-css-av-amwmb-92aab3b3fa43620b7ac777e5e22c9c6d\">\n#top .hr.hr-invisible.av-amwmb-92aab3b3fa43620b7ac777e5e22c9c6d{\nheight:10px;\n}\n<\/style>\n<div  class='hr av-amwmb-92aab3b3fa43620b7ac777e5e22c9c6d hr-invisible  avia-builder-el-7  avia-builder-el-no-sibling '><span class='hr-inner '><span class=\"hr-inner-style\"><\/span><\/span><\/div><\/div>\n","protected":false},"excerpt":{"rendered":"","protected":false},"author":1,"featured_media":0,"parent":0,"menu_order":0,"comment_status":"closed","ping_status":"closed","template":"","meta":{"footnotes":""},"class_list":["post-867","page","type-page","status-publish","hentry"],"_links":{"self":[{"href":"https:\/\/letempsvole.fr\/index.php?rest_route=\/wp\/v2\/pages\/867","targetHints":{"allow":["GET"]}}],"collection":[{"href":"https:\/\/letempsvole.fr\/index.php?rest_route=\/wp\/v2\/pages"}],"about":[{"href":"https:\/\/letempsvole.fr\/index.php?rest_route=\/wp\/v2\/types\/page"}],"author":[{"embeddable":true,"href":"https:\/\/letempsvole.fr\/index.php?rest_route=\/wp\/v2\/users\/1"}],"replies":[{"embeddable":true,"href":"https:\/\/letempsvole.fr\/index.php?rest_route=%2Fwp%2Fv2%2Fcomments&post=867"}],"version-history":[{"count":15,"href":"https:\/\/letempsvole.fr\/index.php?rest_route=\/wp\/v2\/pages\/867\/revisions"}],"predecessor-version":[{"id":1705,"href":"https:\/\/letempsvole.fr\/index.php?rest_route=\/wp\/v2\/pages\/867\/revisions\/1705"}],"wp:attachment":[{"href":"https:\/\/letempsvole.fr\/index.php?rest_route=%2Fwp%2Fv2%2Fmedia&parent=867"}],"curies":[{"name":"wp","href":"https:\/\/api.w.org\/{rel}","templated":true}]}}