{"id":1335,"date":"2019-05-02T14:12:15","date_gmt":"2019-05-02T14:12:15","guid":{"rendered":"http:\/\/www.degestolentijd.nl\/?page_id=1335"},"modified":"2024-07-15T09:20:50","modified_gmt":"2024-07-15T09:20:50","slug":"home","status":"publish","type":"page","link":"https:\/\/letempsvole.fr\/","title":{"rendered":"Home"},"content":{"rendered":"\n<style type=\"text\/css\" data-created_by=\"avia_inline_auto\" id=\"style-css-av-48eg-81ca9ea0bf0ed4e63c226359c412101d\">\n#top .hr.hr-invisible.av-48eg-81ca9ea0bf0ed4e63c226359c412101d{\nmargin-top:-55px;\nheight:1px;\n}\n<\/style>\n<div  class='hr av-48eg-81ca9ea0bf0ed4e63c226359c412101d hr-invisible  avia-builder-el-0  el_before_av_codeblock  avia-builder-el-first '><span class='hr-inner '><span class=\"hr-inner-style\"><\/span><\/span><\/div>\n\n<\/div><\/div><\/div><!-- close content main div --><\/div><\/div>\n<style type=\"text\/css\" data-created_by=\"avia_inline_auto\" id=\"style-css-av-jl4yjbdy-7b53a901bc8ab0c248711023d794eede\">\n.avia-section.av-jl4yjbdy-7b53a901bc8ab0c248711023d794eede{\nbackground-color:#ffffff;\nbackground-image:unset;\n}\n<\/style>\n<div id='av_section_1'  class='avia-section av-jl4yjbdy-7b53a901bc8ab0c248711023d794eede main_color avia-section-default avia-no-border-styling  avia-builder-el-2  el_after_av_codeblock  avia-builder-el-last  avia-bg-style-scroll container_wrap sidebar_right'  ><div class='container av-section-cont-open' ><div class='template-page content  av-content-small alpha units'><div class='post-entry post-entry-type-page post-entry-1335'><div class='entry-content-wrapper clearfix'>\n\n\n<style type=\"text\/css\" data-created_by=\"avia_inline_auto\" id=\"style-css-av-eik-21bf431e34781f3a6917d30135fa51ee\">\n.flex_column.av-eik-21bf431e34781f3a6917d30135fa51ee{\nborder-radius:0px 0px 0px 0px;\npadding:0px 0px 0px 0px;\n}\n<\/style>\n<div  class='flex_column av-eik-21bf431e34781f3a6917d30135fa51ee av_one_fifth  avia-builder-el-4  el_after_av_codeblock  el_before_av_three_fifth  first flex_column_div av-zero-column-padding  '     ><p>\n<style type=\"text\/css\" data-created_by=\"avia_inline_auto\" id=\"style-css-av-48eg-10-f47fd4095bc04a34ef2a97120fcff4db\">\n#top .hr.hr-invisible.av-48eg-10-f47fd4095bc04a34ef2a97120fcff4db{\nheight:4px;\n}\n<\/style>\n<div  class='hr av-48eg-10-f47fd4095bc04a34ef2a97120fcff4db hr-invisible  avia-builder-el-5  el_before_av_image  avia-builder-el-first '><span class='hr-inner '><span class=\"hr-inner-style\"><\/span><\/span><\/div><br \/>\n\n<style type=\"text\/css\" data-created_by=\"avia_inline_auto\" id=\"style-css-av-jl4aqbuu-da765900972d4a992096b3f3d7331910\">\n.avia-image-container.av-jl4aqbuu-da765900972d4a992096b3f3d7331910 img.avia_image{\nbox-shadow:none;\n}\n.avia-image-container.av-jl4aqbuu-da765900972d4a992096b3f3d7331910 .av-image-caption-overlay-center{\ncolor:#ffffff;\n}\n<\/style>\n<div  class='avia-image-container av-jl4aqbuu-da765900972d4a992096b3f3d7331910 av-styling- avia-align-center  avia-builder-el-6  el_after_av_hr  avia-builder-el-last '   itemprop=\"image\" itemscope=\"itemscope\" itemtype=\"https:\/\/schema.org\/ImageObject\" ><div class=\"avia-image-container-inner\"><div class=\"avia-image-overlay-wrap\"><a href=\"http:\/\/www.interakt.nl\/\" class='avia_image' target=\"_blank\" rel=\"noopener noreferrer\" aria-label='interakt_l'><img decoding=\"async\" fetchpriority=\"high\" class='wp-image-177 avia-img-lazy-loading-not-177 avia_image ' src=\"https:\/\/letempsvole.fr\/wp-content\/uploads\/2018\/08\/interakt_l-1-300x133.png\" alt='' title='interakt_l'  height=\"133\" width=\"300\"  itemprop=\"thumbnailUrl\" srcset=\"https:\/\/letempsvole.fr\/wp-content\/uploads\/2018\/08\/interakt_l-1-300x133.png 300w, https:\/\/letempsvole.fr\/wp-content\/uploads\/2018\/08\/interakt_l-1-768x340.png 768w, https:\/\/letempsvole.fr\/wp-content\/uploads\/2018\/08\/interakt_l-1.png 781w\" sizes=\"(max-width: 300px) 100vw, 300px\" \/><\/a><\/div><\/div><\/div><\/p><\/div>\n<style type=\"text\/css\" data-created_by=\"avia_inline_auto\" id=\"style-css-av-eik-9-a904043be62b031a984f2a86034980a9\">\n.flex_column.av-eik-9-a904043be62b031a984f2a86034980a9{\nborder-radius:0px 0px 0px 0px;\npadding:0px 0px 0px 0px;\n}\n<\/style>\n<div  class='flex_column av-eik-9-a904043be62b031a984f2a86034980a9 av_three_fifth  avia-builder-el-7  el_after_av_one_fifth  el_before_av_one_fifth  flex_column_div av-zero-column-padding  '     ><p>\n<style type=\"text\/css\" data-created_by=\"avia_inline_auto\" id=\"style-css-av-48eg-8-09ae3b33d6d4acaaddf9331a9629e70d\">\n#top .hr.hr-invisible.av-48eg-8-09ae3b33d6d4acaaddf9331a9629e70d{\nheight:20px;\n}\n<\/style>\n<div  class='hr av-48eg-8-09ae3b33d6d4acaaddf9331a9629e70d hr-invisible  avia-builder-el-8  el_before_av_textblock  avia-builder-el-first '><span class='hr-inner '><span class=\"hr-inner-style\"><\/span><\/span><\/div><br \/>\n<section  class='av_textblock_section av-3obe-6fe04b7cf7967b06fc9b734a44fab2db '   itemscope=\"itemscope\" itemtype=\"https:\/\/schema.org\/CreativeWork\" ><div class='avia_textblock'  itemprop=\"text\" ><p style=\"text-align: center; font-size: 14px;\"><strong>Le temps vol\u00e9<\/strong> est un projet de <a href=\"https:\/\/nl.wikipedia.org\/wiki\/Philo_Bregstein\">Philo Bregstein<\/a> et <a href=\"http:\/\/interakt.nl\">Interakt<\/a> , r\u00e9alis\u00e9 avec le soutien de la <a href=\"mailto:kbreg@xs4all.nl\">Stichting Grensgebied<\/a> et de la <a href=\"http:\/\/stichtingitem.nl\">Stichting Item<\/a>.<br \/>\nLe livre a \u00e9t\u00e9 publi\u00e9 en fran\u00e7ais par <a href=\"https:\/\/www.editions-harmattan.fr\">l&rsquo;Harmattan<\/a>, et l&rsquo;\u00e9dition n\u00e9erlandaise a \u00e9t\u00e9 publi\u00e9e par <a href=\"http:\/\/boom.nl\">Boom Uitgevers.<\/a><\/p>\n<\/div><\/section><br \/>\n\n<style type=\"text\/css\" data-created_by=\"avia_inline_auto\" id=\"style-css-av-48eg-5-13250d24bf9a4588dbc08651a5b978c8\">\n#top .hr.hr-invisible.av-48eg-5-13250d24bf9a4588dbc08651a5b978c8{\nheight:30px;\n}\n<\/style>\n<div  class='hr av-48eg-5-13250d24bf9a4588dbc08651a5b978c8 hr-invisible  avia-builder-el-10  el_after_av_textblock  avia-builder-el-last '><span class='hr-inner '><span class=\"hr-inner-style\"><\/span><\/span><\/div><\/p><\/div>\n<style type=\"text\/css\" data-created_by=\"avia_inline_auto\" id=\"style-css-av-eik-6-c1cef2500713409904f14997c4f4bcb4\">\n.flex_column.av-eik-6-c1cef2500713409904f14997c4f4bcb4{\nborder-radius:0px 0px 0px 0px;\npadding:0px 0px 0px 0px;\n}\n<\/style>\n<div  class='flex_column av-eik-6-c1cef2500713409904f14997c4f4bcb4 av_one_fifth  avia-builder-el-11  el_after_av_three_fifth  el_before_av_hr  flex_column_div av-zero-column-padding  '     ><style type=\"text\/css\" data-created_by=\"avia_inline_auto\" id=\"style-css-av-jl4aqbuu-7-ae2e0390cf54bd5b0338b33d56aaa61c\">\n.avia-image-container.av-jl4aqbuu-7-ae2e0390cf54bd5b0338b33d56aaa61c img.avia_image{\nbox-shadow:none;\n}\n.avia-image-container.av-jl4aqbuu-7-ae2e0390cf54bd5b0338b33d56aaa61c .av-image-caption-overlay-center{\ncolor:#ffffff;\n}\n<\/style>\n<div  class='avia-image-container av-jl4aqbuu-7-ae2e0390cf54bd5b0338b33d56aaa61c av-styling- avia-align-left  avia-builder-el-12  avia-builder-el-no-sibling '   itemprop=\"image\" itemscope=\"itemscope\" itemtype=\"https:\/\/schema.org\/ImageObject\" ><div class=\"avia-image-container-inner\"><div class=\"avia-image-overlay-wrap\"><a href=\"http:\/\/www.boom.nl\/\" class='avia_image' target=\"_blank\" rel=\"noopener noreferrer\" aria-label='L&#039;Harmattan'><img decoding=\"async\" fetchpriority=\"high\" class='wp-image-1465 avia-img-lazy-loading-not-1465 avia_image ' src=\"https:\/\/letempsvole.fr\/wp-content\/uploads\/2024\/03\/LHarmattan-300x107.png\" alt='' title='L&#039;Harmattan'  height=\"107\" width=\"300\"  itemprop=\"thumbnailUrl\" srcset=\"https:\/\/letempsvole.fr\/wp-content\/uploads\/2024\/03\/LHarmattan-300x107.png 300w, https:\/\/letempsvole.fr\/wp-content\/uploads\/2024\/03\/LHarmattan.png 684w\" sizes=\"(max-width: 300px) 100vw, 300px\" \/><\/a><\/div><\/div><\/div><\/div>\n<style type=\"text\/css\" data-created_by=\"avia_inline_auto\" id=\"style-css-av-48eg-4-2286b8630e9f3b19bb9ceeed72bcbfbf\">\n#top .hr.hr-invisible.av-48eg-4-2286b8630e9f3b19bb9ceeed72bcbfbf{\nheight:450px;\n}\n<\/style>\n<div  class='hr av-48eg-4-2286b8630e9f3b19bb9ceeed72bcbfbf hr-invisible  avia-builder-el-13  el_after_av_one_fifth  avia-builder-el-last '><span class='hr-inner '><span class=\"hr-inner-style\"><\/span><\/span><\/div>\n<\/div><\/div><\/div><!-- close content main div --><\/div><\/div><div id='after_section_1'  class='main_color av_default_container_wrap container_wrap sidebar_right'  ><div class='container av-section-cont-open' ><div class='template-page content  av-content-small alpha units'><div class='post-entry post-entry-type-page post-entry-1335'><div class='entry-content-wrapper clearfix'>\n","protected":false},"excerpt":{"rendered":"","protected":false},"author":1,"featured_media":0,"parent":0,"menu_order":0,"comment_status":"closed","ping_status":"closed","template":"","meta":{"footnotes":""},"class_list":["post-1335","page","type-page","status-publish","hentry"],"_links":{"self":[{"href":"https:\/\/letempsvole.fr\/index.php?rest_route=\/wp\/v2\/pages\/1335","targetHints":{"allow":["GET"]}}],"collection":[{"href":"https:\/\/letempsvole.fr\/index.php?rest_route=\/wp\/v2\/pages"}],"about":[{"href":"https:\/\/letempsvole.fr\/index.php?rest_route=\/wp\/v2\/types\/page"}],"author":[{"embeddable":true,"href":"https:\/\/letempsvole.fr\/index.php?rest_route=\/wp\/v2\/users\/1"}],"replies":[{"embeddable":true,"href":"https:\/\/letempsvole.fr\/index.php?rest_route=%2Fwp%2Fv2%2Fcomments&post=1335"}],"version-history":[{"count":13,"href":"https:\/\/letempsvole.fr\/index.php?rest_route=\/wp\/v2\/pages\/1335\/revisions"}],"predecessor-version":[{"id":1716,"href":"https:\/\/letempsvole.fr\/index.php?rest_route=\/wp\/v2\/pages\/1335\/revisions\/1716"}],"wp:attachment":[{"href":"https:\/\/letempsvole.fr\/index.php?rest_route=%2Fwp%2Fv2%2Fmedia&parent=1335"}],"curies":[{"name":"wp","href":"https:\/\/api.w.org\/{rel}","templated":true}]}}